{"id":3,"date":"2023-05-15T22:02:20","date_gmt":"2023-05-15T22:02:20","guid":{"rendered":"https:\/\/getradecorp.com\/?page_id=3"},"modified":"2023-10-31T16:07:32","modified_gmt":"2023-10-31T16:07:32","slug":"politica-de-privacidad","status":"publish","type":"page","link":"https:\/\/getradecorp.com\/es\/politica-de-privacidad\/","title":{"rendered":"Pol\u00edtica de privacidad"},"content":{"rendered":"<div data-elementor-type=\"wp-page\" data-elementor-id=\"3\" class=\"elementor elementor-3\" data-elementor-post-type=\"page\">\n\t\t\t\t\t\t<section class=\"elementor-section elementor-top-section elementor-element elementor-element-5f193416 elementor-section-height-min-height elementor-section-content-middle elementor-section-boxed elementor-section-height-default elementor-section-items-middle\" data-id=\"5f193416\" data-element_type=\"section\" data-e-type=\"section\" data-settings=\"{&quot;background_background&quot;:&quot;classic&quot;}\">\n\t\t\t\t\t\t\t<div class=\"elementor-background-overlay\"><\/div>\n\t\t\t\t\t\t\t<div class=\"elementor-container elementor-column-gap-no\">\n\t\t\t\t\t<div class=\"elementor-column elementor-col-100 elementor-top-column elementor-element elementor-element-1d0f8da9\" data-id=\"1d0f8da9\" data-element_type=\"column\" data-e-type=\"column\" data-settings=\"{&quot;background_background&quot;:&quot;classic&quot;}\">\n\t\t\t<div class=\"elementor-widget-wrap elementor-element-populated\">\n\t\t\t\t\t\t<div class=\"elementor-element elementor-element-2b6010e5 elementor-widget elementor-widget-heading\" data-id=\"2b6010e5\" data-element_type=\"widget\" data-e-type=\"widget\" data-widget_type=\"heading.default\">\n\t\t\t\t<div class=\"elementor-widget-container\">\n\t\t\t\t\t<h1 class=\"elementor-heading-title elementor-size-default\">Pol\u00edtica de privacidad <\/h1>\t\t\t\t<\/div>\n\t\t\t\t<\/div>\n\t\t\t\t\t<\/div>\n\t\t<\/div>\n\t\t\t\t\t<\/div>\n\t\t<\/section>\n\t\t\t\t<section class=\"elementor-section elementor-top-section elementor-element elementor-element-939a999 elementor-section-boxed elementor-section-height-default elementor-section-height-default\" data-id=\"939a999\" data-element_type=\"section\" data-e-type=\"section\">\n\t\t\t\t\t\t<div class=\"elementor-container elementor-column-gap-no\">\n\t\t\t\t\t<div class=\"elementor-column elementor-col-100 elementor-top-column elementor-element elementor-element-8d8caf3\" data-id=\"8d8caf3\" data-element_type=\"column\" data-e-type=\"column\">\n\t\t\t<div class=\"elementor-widget-wrap elementor-element-populated\">\n\t\t\t\t\t\t<section class=\"elementor-section elementor-inner-section elementor-element elementor-element-6e49bee elementor-reverse-tablet elementor-reverse-mobile elementor-section-boxed elementor-section-height-default elementor-section-height-default\" data-id=\"6e49bee\" data-element_type=\"section\" data-e-type=\"section\">\n\t\t\t\t\t\t<div class=\"elementor-container elementor-column-gap-no\">\n\t\t\t\t\t<div class=\"elementor-column elementor-col-100 elementor-inner-column elementor-element elementor-element-f64ca02\" data-id=\"f64ca02\" data-element_type=\"column\" data-e-type=\"column\">\n\t\t\t<div class=\"elementor-widget-wrap elementor-element-populated\">\n\t\t\t\t\t\t<div class=\"elementor-element elementor-element-c37a7cb elementor-widget-divider--view-line_text elementor-widget__width-auto elementor-widget-divider--element-align-center elementor-widget elementor-widget-divider\" data-id=\"c37a7cb\" data-element_type=\"widget\" data-e-type=\"widget\" data-widget_type=\"divider.default\">\n\t\t\t\t<div class=\"elementor-widget-container\">\n\t\t\t\t\t\t\t<div class=\"elementor-divider\">\n\t\t\t<span class=\"elementor-divider-separator\">\n\t\t\t\t\t\t\t<span class=\"elementor-divider__text elementor-divider__element\">\n\t\t\t\t HK GE \t\t\t\t<\/span>\n\t\t\t\t\t\t<\/span>\n\t\t<\/div>\n\t\t\t\t\t\t<\/div>\n\t\t\t\t<\/div>\n\t\t\t\t<div class=\"elementor-element elementor-element-0b3baa7 elementor-widget elementor-widget-elementskit-heading\" data-id=\"0b3baa7\" data-element_type=\"widget\" data-e-type=\"widget\" data-widget_type=\"elementskit-heading.default\">\n\t\t\t\t<div class=\"elementor-widget-container\">\n\t\t\t\t\t<div class=\"ekit-wid-con\" ><div class=\"ekit-heading elementskit-section-title-wraper text_left   ekit_heading_tablet-text_center   ekit_heading_mobile-\"><h2 class=\"ekit-heading--title elementskit-section-title\">Pol\u00edticas de  <span><span>Privacidad<\/span><\/span>  <\/h2><\/div><\/div>\t\t\t\t<\/div>\n\t\t\t\t<\/div>\n\t\t\t\t<div class=\"elementor-element elementor-element-018bff9 elementor-widget elementor-widget-text-editor\" data-id=\"018bff9\" data-element_type=\"widget\" data-e-type=\"widget\" data-widget_type=\"text-editor.default\">\n\t\t\t\t<div class=\"elementor-widget-container\">\n\t\t\t\t\t\t\t\t\t<p>\u00daltima actualizaci\u00f3n 11 de mayo, 2023.<\/p><p>USO DE \"COOKIES\"<\/p><p>Si usted se registra a trav\u00e9s de Internet en el sitio web de HK GE, se podr\u00e1 utilizar esta informaci\u00f3n para proporcionarle informaci\u00f3n com\u00fan acerca de los servicios de HK GE que podr\u00edan satisfacer las necesidades de su negocio.<\/p><p>En estos casos se puede utilizar una tecnolog\u00eda denominada \"cookie\" para proporcionarle esta informaci\u00f3n a su medida. Una \"cookie\" es un peque\u00f1o elemento de datos que un sitio Web puede enviar a su navegador, el cual puede ser almacenado en su disco duro para efectos de que nosotros lo reconozcamos cuando usted regrese. Usted tiene la posibilidad de configurar su navegador de tal forma que le notifique cuando reciba una \"cookie\", a fin de impedir la instalaci\u00f3n de la \"cookie\" en su disco duro.<\/p><p>RECOPILACI\u00d3N DE INFORMACI\u00d3N PERSONAL<\/p><p>En algunas ocasiones HK GE necesitar\u00e1 informaci\u00f3n sobre usted y\/o su empresa, tal como su nombre y direcci\u00f3n de correo electr\u00f3nico, por lo que le har\u00e1 saber el uso que se le dar\u00e1 a dicha informaci\u00f3n al momento de ped\u00edrsela.<\/p><p>Usualmente, la informaci\u00f3n personal que HK GE solicita, solo es utilizada de forma interna para responder a las preguntas del usuario, procesar una orden o permitirle acceso a informaci\u00f3n espec\u00edfica de su cuenta.<\/p><p>En algunas ocasiones HK GE podr\u00e1 efectuar encuestas a trav\u00e9s de Internet para entender mejor las necesidades y perfiles de nuestros visitantes. Cuando HK GE lleve a cabo una encuesta, tratar\u00e1 de informarle al usuario como se usar\u00e1 dicha informaci\u00f3n al mismo tiempo que le pidamos la misma.<\/p><p>CONEXIONES A OTROS SITIOS<\/p><p>Este Sitio puede tener conexiones a otros sitios Web. HK GE siempre tratar\u00e1 de mantener conexiones (links) con sitios Web que compartan los m\u00e1s altos est\u00e1ndares de privacidad; sin embargo, HK GE no se har\u00e1 responsable por el contenido o las pr\u00e1cticas de privacidad empleadas por otros sitios<\/p><p>ACCESO A SU INFORMACI\u00d3N PARA ACTUALIZACI\u00d3N\/RECTIFICACI\u00d3N<\/p><p>Por favor cont\u00e1ctenos por medio del correo  infotrade@getradecorp.com si usted desea accesar, rectificar, modificar o verificar la informaci\u00f3n personal que nos ha proporcionado o si tiene preguntas acerca de la forma en que manejamos su informaci\u00f3n o acerca de cualquier estipulaci\u00f3n contenida en esta Pol\u00edtica de Privacidad.<\/p><p>Si tiene m\u00e1s preguntas, p\u00f3ngase en contacto con nosotros en infotrade@getradecorp.com, estaremos encantados de ayudarle.<\/p><p>Correo electr\u00f3nico: infotrade@getradecorp.com<\/p>\t\t\t\t\t\t\t\t<\/div>\n\t\t\t\t<\/div>\n\t\t\t\t<div class=\"elementor-element elementor-element-c861238 elementor-align-center elementor-widget__width-auto elementor-invisible elementor-widget elementor-widget-button\" data-id=\"c861238\" data-element_type=\"widget\" data-e-type=\"widget\" data-settings=\"{&quot;_animation&quot;:&quot;fadeInRight&quot;}\" data-widget_type=\"button.default\">\n\t\t\t\t<div class=\"elementor-widget-container\">\n\t\t\t\t\t\t\t\t\t<div class=\"elementor-button-wrapper\">\n\t\t\t\t\t<a class=\"elementor-button elementor-button-link elementor-size-sm\" href=\"https:\/\/getradecorp.com\/es\/\">\n\t\t\t\t\t\t<span class=\"elementor-button-content-wrapper\">\n\t\t\t\t\t\t\t\t\t<span class=\"elementor-button-text\">Ir al inicio <\/span>\n\t\t\t\t\t<\/span>\n\t\t\t\t\t<\/a>\n\t\t\t\t<\/div>\n\t\t\t\t\t\t\t\t<\/div>\n\t\t\t\t<\/div>\n\t\t\t\t\t<\/div>\n\t\t<\/div>\n\t\t\t\t\t<\/div>\n\t\t<\/section>\n\t\t\t\t\t<\/div>\n\t\t<\/div>\n\t\t\t\t\t<\/div>\n\t\t<\/section>\n\t\t\t\t<\/div>","protected":false},"excerpt":{"rendered":"<p>Privacy Policy HK GE PRIVACY POLICY Last updated May 11, 2023. USE OF &#8220;COOKIES&#8221; If you register via the Internet on the HK GE website, this information may be used to provide you with common information about HK GE services that may meet your business needs. In these cases, a technology called a &#8220;cookie&#8221; may [&hellip;]<\/p>\n","protected":false},"author":3,"featured_media":0,"parent":0,"menu_order":0,"comment_status":"closed","ping_status":"open","template":"elementor_header_footer","meta":{"footnotes":""},"class_list":["post-3","page","type-page","status-publish","hentry"],"_links":{"self":[{"href":"https:\/\/getradecorp.com\/es\/wp-json\/wp\/v2\/pages\/3","targetHints":{"allow":["GET"]}}],"collection":[{"href":"https:\/\/getradecorp.com\/es\/wp-json\/wp\/v2\/pages"}],"about":[{"href":"https:\/\/getradecorp.com\/es\/wp-json\/wp\/v2\/types\/page"}],"author":[{"embeddable":true,"href":"https:\/\/getradecorp.com\/es\/wp-json\/wp\/v2\/users\/3"}],"replies":[{"embeddable":true,"href":"https:\/\/getradecorp.com\/es\/wp-json\/wp\/v2\/comments?post=3"}],"version-history":[{"count":32,"href":"https:\/\/getradecorp.com\/es\/wp-json\/wp\/v2\/pages\/3\/revisions"}],"predecessor-version":[{"id":914,"href":"https:\/\/getradecorp.com\/es\/wp-json\/wp\/v2\/pages\/3\/revisions\/914"}],"wp:attachment":[{"href":"https:\/\/getradecorp.com\/es\/wp-json\/wp\/v2\/media?parent=3"}],"curies":[{"name":"wp","href":"https:\/\/api.w.org\/{rel}","templated":true}]}}