{"id":178,"date":"2023-05-27T21:11:20","date_gmt":"2023-05-27T21:11:20","guid":{"rendered":"https:\/\/getradecorp.com\/?page_id=178"},"modified":"2023-05-29T20:20:52","modified_gmt":"2023-05-29T20:20:52","slug":"industrias","status":"publish","type":"page","link":"https:\/\/getradecorp.com\/es\/industrias\/","title":{"rendered":"Industrias"},"content":{"rendered":"<div data-elementor-type=\"wp-page\" data-elementor-id=\"178\" class=\"elementor elementor-178\" data-elementor-post-type=\"page\">\n\t\t\t\t\t\t<section class=\"elementor-section elementor-top-section elementor-element elementor-element-3c90c56d elementor-section-height-min-height elementor-section-content-middle elementor-section-boxed elementor-section-height-default elementor-section-items-middle\" data-id=\"3c90c56d\" data-element_type=\"section\" data-e-type=\"section\" data-settings=\"{&quot;background_background&quot;:&quot;classic&quot;}\">\n\t\t\t\t\t\t\t<div class=\"elementor-background-overlay\"><\/div>\n\t\t\t\t\t\t\t<div class=\"elementor-container elementor-column-gap-no\">\n\t\t\t\t\t<div class=\"elementor-column elementor-col-100 elementor-top-column elementor-element elementor-element-27d0cd6b\" data-id=\"27d0cd6b\" data-element_type=\"column\" data-e-type=\"column\" data-settings=\"{&quot;background_background&quot;:&quot;classic&quot;}\">\n\t\t\t<div class=\"elementor-widget-wrap elementor-element-populated\">\n\t\t\t\t\t\t<div class=\"elementor-element elementor-element-213e5651 elementor-widget elementor-widget-heading\" data-id=\"213e5651\" data-element_type=\"widget\" data-e-type=\"widget\" data-widget_type=\"heading.default\">\n\t\t\t\t<div class=\"elementor-widget-container\">\n\t\t\t\t\t<h1 class=\"elementor-heading-title elementor-size-default\">Industrias <\/h1>\t\t\t\t<\/div>\n\t\t\t\t<\/div>\n\t\t\t\t\t<\/div>\n\t\t<\/div>\n\t\t\t\t\t<\/div>\n\t\t<\/section>\n\t\t\t\t<section class=\"elementor-section elementor-top-section elementor-element elementor-element-3a6a29b elementor-section-boxed elementor-section-height-default elementor-section-height-default\" data-id=\"3a6a29b\" data-element_type=\"section\" data-e-type=\"section\">\n\t\t\t\t\t\t<div class=\"elementor-container elementor-column-gap-no\">\n\t\t\t\t\t<div class=\"elementor-column elementor-col-100 elementor-top-column elementor-element elementor-element-b8e1042\" data-id=\"b8e1042\" data-element_type=\"column\" data-e-type=\"column\">\n\t\t\t<div class=\"elementor-widget-wrap elementor-element-populated\">\n\t\t\t\t\t\t<section class=\"elementor-section elementor-inner-section elementor-element elementor-element-76e8c5e elementor-reverse-tablet elementor-reverse-mobile elementor-section-boxed elementor-section-height-default elementor-section-height-default\" data-id=\"76e8c5e\" data-element_type=\"section\" data-e-type=\"section\">\n\t\t\t\t\t\t<div class=\"elementor-container elementor-column-gap-no\">\n\t\t\t\t\t<div class=\"elementor-column elementor-col-50 elementor-inner-column elementor-element elementor-element-489e9d0\" data-id=\"489e9d0\" data-element_type=\"column\" data-e-type=\"column\">\n\t\t\t<div class=\"elementor-widget-wrap elementor-element-populated\">\n\t\t\t\t\t\t<div class=\"elementor-element elementor-element-f644f59 elementor-widget elementor-widget-image\" data-id=\"f644f59\" data-element_type=\"widget\" data-e-type=\"widget\" data-widget_type=\"image.default\">\n\t\t\t\t<div class=\"elementor-widget-container\">\n\t\t\t\t\t\t\t\t\t\t\t\t\t\t\t<img fetchpriority=\"high\" decoding=\"async\" width=\"800\" height=\"534\" src=\"https:\/\/getradecorp.com\/wp-content\/uploads\/2023\/05\/shutterstock_1048930442.jpg\" class=\"attachment-large size-large wp-image-640\" alt=\"\" srcset=\"https:\/\/getradecorp.com\/wp-content\/uploads\/2023\/05\/shutterstock_1048930442.jpg 1000w, https:\/\/getradecorp.com\/wp-content\/uploads\/2023\/05\/shutterstock_1048930442-300x200.jpg 300w, https:\/\/getradecorp.com\/wp-content\/uploads\/2023\/05\/shutterstock_1048930442-768x512.jpg 768w, https:\/\/getradecorp.com\/wp-content\/uploads\/2023\/05\/shutterstock_1048930442-18x12.jpg 18w, https:\/\/getradecorp.com\/wp-content\/uploads\/2023\/05\/shutterstock_1048930442-600x400.jpg 600w\" sizes=\"(max-width: 800px) 100vw, 800px\" \/>\t\t\t\t\t\t\t\t\t\t\t\t\t\t\t<\/div>\n\t\t\t\t<\/div>\n\t\t\t\t\t<\/div>\n\t\t<\/div>\n\t\t\t\t<div class=\"elementor-column elementor-col-50 elementor-inner-column elementor-element elementor-element-782f938\" data-id=\"782f938\" data-element_type=\"column\" data-e-type=\"column\">\n\t\t\t<div class=\"elementor-widget-wrap elementor-element-populated\">\n\t\t\t\t\t\t<div class=\"elementor-element elementor-element-e14408d elementor-widget-divider--view-line_text elementor-widget__width-auto elementor-widget-divider--element-align-center elementor-invisible elementor-widget elementor-widget-divider\" data-id=\"e14408d\" data-element_type=\"widget\" data-e-type=\"widget\" data-settings=\"{&quot;_animation&quot;:&quot;fadeInRight&quot;}\" data-widget_type=\"divider.default\">\n\t\t\t\t<div class=\"elementor-widget-container\">\n\t\t\t\t\t\t\t<div class=\"elementor-divider\">\n\t\t\t<span class=\"elementor-divider-separator\">\n\t\t\t\t\t\t\t<span class=\"elementor-divider__text elementor-divider__element\">\n\t\t\t\t HK GE \t\t\t\t<\/span>\n\t\t\t\t\t\t<\/span>\n\t\t<\/div>\n\t\t\t\t\t\t<\/div>\n\t\t\t\t<\/div>\n\t\t\t\t<div class=\"elementor-element elementor-element-ee47ece elementor-widget elementor-widget-elementskit-heading\" data-id=\"ee47ece\" data-element_type=\"widget\" data-e-type=\"widget\" data-widget_type=\"elementskit-heading.default\">\n\t\t\t\t<div class=\"elementor-widget-container\">\n\t\t\t\t\t<div class=\"ekit-wid-con\" ><div class=\"ekit-heading elementskit-section-title-wraper text_left   ekit_heading_tablet-text_center   ekit_heading_mobile-\"><h2 class=\"ekit-heading--title elementskit-section-title\">Conozca las industrias <span><span>HK GE<\/span><\/span> servicios<\/h2><\/div><\/div>\t\t\t\t<\/div>\n\t\t\t\t<\/div>\n\t\t\t\t<div class=\"elementor-element elementor-element-24186e5 elementor-widget elementor-widget-text-editor\" data-id=\"24186e5\" data-element_type=\"widget\" data-e-type=\"widget\" data-widget_type=\"text-editor.default\">\n\t\t\t\t<div class=\"elementor-widget-container\">\n\t\t\t\t\t\t\t\t\t<p>HK GE es una empresa comercial global que ofrece una amplia gama de productos y servicios a diversas industrias de todo el mundo. Estamos comprometidos a comprender las necesidades \u00fanicas de nuestros clientes y proporcionar soluciones personalizadas que satisfagan sus requisitos espec\u00edficos. Nuestro equipo de profesionales experimentados tiene un amplio conocimiento y experiencia en las siguientes industrias:<\/p>\t\t\t\t\t\t\t\t<\/div>\n\t\t\t\t<\/div>\n\t\t\t\t<div class=\"elementor-element elementor-element-4525bb1 elementor-align-center elementor-widget__width-auto elementor-invisible elementor-widget elementor-widget-button\" data-id=\"4525bb1\" data-element_type=\"widget\" data-e-type=\"widget\" data-settings=\"{&quot;_animation&quot;:&quot;fadeInRight&quot;}\" data-widget_type=\"button.default\">\n\t\t\t\t<div class=\"elementor-widget-container\">\n\t\t\t\t\t\t\t\t\t<div class=\"elementor-button-wrapper\">\n\t\t\t\t\t<a class=\"elementor-button elementor-button-link elementor-size-sm\" href=\"https:\/\/getradecorp.com\/es\/contacte-con-nosotros\/\">\n\t\t\t\t\t\t<span class=\"elementor-button-content-wrapper\">\n\t\t\t\t\t\t\t\t\t<span class=\"elementor-button-text\">Contacto<\/span>\n\t\t\t\t\t<\/span>\n\t\t\t\t\t<\/a>\n\t\t\t\t<\/div>\n\t\t\t\t\t\t\t\t<\/div>\n\t\t\t\t<\/div>\n\t\t\t\t\t<\/div>\n\t\t<\/div>\n\t\t\t\t\t<\/div>\n\t\t<\/section>\n\t\t\t\t\t<\/div>\n\t\t<\/div>\n\t\t\t\t\t<\/div>\n\t\t<\/section>\n\t\t\t\t<section class=\"elementor-section elementor-top-section elementor-element elementor-element-698ea4b elementor-section-boxed elementor-section-height-default elementor-section-height-default\" data-id=\"698ea4b\" data-element_type=\"section\" data-e-type=\"section\" data-settings=\"{&quot;background_background&quot;:&quot;classic&quot;}\">\n\t\t\t\t\t\t\t<div class=\"elementor-background-overlay\"><\/div>\n\t\t\t\t\t\t\t<div class=\"elementor-container elementor-column-gap-no\">\n\t\t\t\t\t<div class=\"elementor-column elementor-col-100 elementor-top-column elementor-element elementor-element-8a69712\" data-id=\"8a69712\" data-element_type=\"column\" data-e-type=\"column\">\n\t\t\t<div class=\"elementor-widget-wrap elementor-element-populated\">\n\t\t\t\t\t\t<section class=\"elementor-section elementor-inner-section elementor-element elementor-element-1b5105f elementor-section-boxed elementor-section-height-default elementor-section-height-default\" data-id=\"1b5105f\" data-element_type=\"section\" data-e-type=\"section\">\n\t\t\t\t\t\t<div class=\"elementor-container elementor-column-gap-no\">\n\t\t\t\t\t<div class=\"elementor-column elementor-col-50 elementor-inner-column elementor-element elementor-element-0abc853\" data-id=\"0abc853\" data-element_type=\"column\" data-e-type=\"column\" data-settings=\"{&quot;background_background&quot;:&quot;classic&quot;}\">\n\t\t\t<div class=\"elementor-widget-wrap elementor-element-populated\">\n\t\t\t\t\t<div class=\"elementor-background-overlay\"><\/div>\n\t\t\t\t\t\t<div class=\"elementor-element elementor-element-7ae1ccd elementor-widget-divider--view-line_text elementor-widget__width-auto elementor-widget-divider--element-align-center elementor-invisible elementor-widget elementor-widget-divider\" data-id=\"7ae1ccd\" data-element_type=\"widget\" data-e-type=\"widget\" data-settings=\"{&quot;_animation&quot;:&quot;fadeInRight&quot;}\" data-widget_type=\"divider.default\">\n\t\t\t\t<div class=\"elementor-widget-container\">\n\t\t\t\t\t\t\t<div class=\"elementor-divider\">\n\t\t\t<span class=\"elementor-divider-separator\">\n\t\t\t\t\t\t\t<span class=\"elementor-divider__text elementor-divider__element\">\n\t\t\t\t HK GE \t\t\t\t<\/span>\n\t\t\t\t\t\t<\/span>\n\t\t<\/div>\n\t\t\t\t\t\t<\/div>\n\t\t\t\t<\/div>\n\t\t\t\t<div class=\"elementor-element elementor-element-ba57819 elementor-widget elementor-widget-elementskit-heading\" data-id=\"ba57819\" data-element_type=\"widget\" data-e-type=\"widget\" data-widget_type=\"elementskit-heading.default\">\n\t\t\t\t<div class=\"elementor-widget-container\">\n\t\t\t\t\t<div class=\"ekit-wid-con\" ><div class=\"ekit-heading elementskit-section-title-wraper text_left   ekit_heading_tablet-   ekit_heading_mobile-text_left\"><h2 class=\"ekit-heading--title elementskit-section-title\"> <span><span>Electr\u00f3nica:<\/span><\/span> <\/h2><\/div><\/div>\t\t\t\t<\/div>\n\t\t\t\t<\/div>\n\t\t\t\t<div class=\"elementor-element elementor-element-e37ba44 elementor-invisible elementor-widget elementor-widget-toggle\" data-id=\"e37ba44\" data-element_type=\"widget\" data-e-type=\"widget\" data-settings=\"{&quot;_animation&quot;:&quot;fadeInRight&quot;}\" data-widget_type=\"toggle.default\">\n\t\t\t\t<div class=\"elementor-widget-container\">\n\t\t\t\t\t\t\t<div class=\"elementor-toggle\">\n\t\t\t\t\t\t\t<div class=\"elementor-toggle-item\">\n\t\t\t\t\t<div id=\"elementor-tab-title-2381\" class=\"elementor-tab-title\" data-tab=\"1\" role=\"button\" aria-controls=\"elementor-tab-content-2381\" aria-expanded=\"false\">\n\t\t\t\t\t\t\t\t\t\t\t\t<span class=\"elementor-toggle-icon elementor-toggle-icon-left\" aria-hidden=\"true\">\n\t\t\t\t\t\t\t\t\t\t\t\t\t\t\t<span class=\"elementor-toggle-icon-closed\"><i class=\"fas fa-caret-right\"><\/i><\/span>\n\t\t\t\t\t\t\t\t<span class=\"elementor-toggle-icon-opened\"><i class=\"elementor-toggle-icon-opened fas fa-caret-up\"><\/i><\/span>\n\t\t\t\t\t\t\t\t\t\t\t\t\t<\/span>\n\t\t\t\t\t\t\t\t\t\t\t\t<a class=\"elementor-toggle-title\" tabindex=\"0\"> Nos especializamos en proporcionar componentes <\/a>\n\t\t\t\t\t<\/div>\n\n\t\t\t\t\t<div id=\"elementor-tab-content-2381\" class=\"elementor-tab-content elementor-clearfix\" data-tab=\"1\" role=\"region\" aria-labelledby=\"elementor-tab-title-2381\"><p>Nos especializamos en proporcionar componentes y productos electr\u00f3nicos de alta calidad a nuestros clientes en la industria electr\u00f3nica. Nuestros productos van desde placas de circuito hasta luces LED y todo lo dem\u00e1s.<\/p><p>Automotriz: Ofrecemos una amplia gama de productos automotrices, incluyendo piezas y accesorios de autom\u00f3viles, neum\u00e1ticos y lubricantes. Trabajamos en estrecha colaboraci\u00f3n con nuestros clientes para proporcionar soluciones personalizadas que satisfagan sus necesidades.<\/p><p>Salud y belleza: Brindamos una amplia gama de productos de salud y belleza, incluyendo art\u00edculos de cuidado personal, cosm\u00e9ticos y suplementos. Nuestros productos provienen de proveedores de confianza y son de la m\u00e1s alta calidad.<\/p><p>Hogar y jard\u00edn: Contamos con una gama de productos para el hogar y el jard\u00edn, incluidos muebles, iluminaci\u00f3n y equipos para exteriores. Trabajamos en estrecha colaboraci\u00f3n con nuestros clientes para proporcionar soluciones personalizadas que satisfagan sus necesidades espec\u00edficas.<\/p><p><br \/><br \/><\/p><\/div>\n\t\t\t\t<\/div>\n\t\t\t\t\t\t\t<div class=\"elementor-toggle-item\">\n\t\t\t\t\t<div id=\"elementor-tab-title-2382\" class=\"elementor-tab-title\" data-tab=\"2\" role=\"button\" aria-controls=\"elementor-tab-content-2382\" aria-expanded=\"false\">\n\t\t\t\t\t\t\t\t\t\t\t\t<span class=\"elementor-toggle-icon elementor-toggle-icon-left\" aria-hidden=\"true\">\n\t\t\t\t\t\t\t\t\t\t\t\t\t\t\t<span class=\"elementor-toggle-icon-closed\"><i class=\"fas fa-caret-right\"><\/i><\/span>\n\t\t\t\t\t\t\t\t<span class=\"elementor-toggle-icon-opened\"><i class=\"elementor-toggle-icon-opened fas fa-caret-up\"><\/i><\/span>\n\t\t\t\t\t\t\t\t\t\t\t\t\t<\/span>\n\t\t\t\t\t\t\t\t\t\t\t\t<a class=\"elementor-toggle-title\" tabindex=\"0\">Suministros industriales:<\/a>\n\t\t\t\t\t<\/div>\n\n\t\t\t\t\t<div id=\"elementor-tab-content-2382\" class=\"elementor-tab-content elementor-clearfix\" data-tab=\"2\" role=\"region\" aria-labelledby=\"elementor-tab-title-2382\"><p>Ofrecemos una amplia gama de suministros industriales, incluidos equipos de seguridad, herramientas y maquinaria. Nuestros productos provienen de proveedores de confianza y son de la m\u00e1s alta calidad.<\/p><p>Construcci\u00f3n: Ofrecemos una amplia gama de materiales y equipos de construcci\u00f3n, incluyendo barras de acero, cemento y maquinaria de construcci\u00f3n. Nuestros productos provienen de proveedores de confianza y son de la m\u00e1s alta calidad.<\/p><p>Agricultura: Brindamos una amplia gama de productos agr\u00edcolas, incluidos fertilizantes, pesticidas y equipos agr\u00edcolas. Trabajamos en estrecha colaboraci\u00f3n con nuestros clientes para proporcionar soluciones personalizadas que satisfagan sus necesidades espec\u00edficas.<\/p><p>Textiles y prendas de vestir: Brindamos una amplia gama de productos textiles y prendas de vestir, incluyendo telas, ropa y accesorios. Nuestros productos provienen de proveedores de confianza y son de la m\u00e1s alta calidad.<\/p><\/div>\n\t\t\t\t<\/div>\n\t\t\t\t\t\t\t<div class=\"elementor-toggle-item\">\n\t\t\t\t\t<div id=\"elementor-tab-title-2383\" class=\"elementor-tab-title\" data-tab=\"3\" role=\"button\" aria-controls=\"elementor-tab-content-2383\" aria-expanded=\"false\">\n\t\t\t\t\t\t\t\t\t\t\t\t<span class=\"elementor-toggle-icon elementor-toggle-icon-left\" aria-hidden=\"true\">\n\t\t\t\t\t\t\t\t\t\t\t\t\t\t\t<span class=\"elementor-toggle-icon-closed\"><i class=\"fas fa-caret-right\"><\/i><\/span>\n\t\t\t\t\t\t\t\t<span class=\"elementor-toggle-icon-opened\"><i class=\"elementor-toggle-icon-opened fas fa-caret-up\"><\/i><\/span>\n\t\t\t\t\t\t\t\t\t\t\t\t\t<\/span>\n\t\t\t\t\t\t\t\t\t\t\t\t<a class=\"elementor-toggle-title\" tabindex=\"0\">Alimentos y bebidas:<\/a>\n\t\t\t\t\t<\/div>\n\n\t\t\t\t\t<div id=\"elementor-tab-content-2383\" class=\"elementor-tab-content elementor-clearfix\" data-tab=\"3\" role=\"region\" aria-labelledby=\"elementor-tab-title-2383\"><p>Contamos con una amplia gama de productos alimenticios y bebidas, incluidos productos frescos, productos enlatados y bebidas. Nuestros productos provienen de proveedores de confianza y son de la m\u00e1s alta calidad.<\/p><p>Energ\u00eda: Tenemos una gama de productos y servicios energ\u00e9ticos, incluidos paneles solares, turbinas e\u00f3licas y consultor\u00eda energ\u00e9tica. Trabajamos en estrecha colaboraci\u00f3n con nuestros clientes para proporcionar soluciones personalizadas que satisfagan sus necesidades energ\u00e9ticas espec\u00edficas.<\/p><p>M\u00e9dico: Poseemos una amplia gama de productos m\u00e9dicos, incluidos equipos, suministros y dispositivos m\u00e9dicos. Nuestros productos provienen de proveedores de confianza y son de la m\u00e1s alta calidad.<\/p><\/div>\n\t\t\t\t<\/div>\n\t\t\t\t\t\t\t<div class=\"elementor-toggle-item\">\n\t\t\t\t\t<div id=\"elementor-tab-title-2384\" class=\"elementor-tab-title\" data-tab=\"4\" role=\"button\" aria-controls=\"elementor-tab-content-2384\" aria-expanded=\"false\">\n\t\t\t\t\t\t\t\t\t\t\t\t<span class=\"elementor-toggle-icon elementor-toggle-icon-left\" aria-hidden=\"true\">\n\t\t\t\t\t\t\t\t\t\t\t\t\t\t\t<span class=\"elementor-toggle-icon-closed\"><i class=\"fas fa-caret-right\"><\/i><\/span>\n\t\t\t\t\t\t\t\t<span class=\"elementor-toggle-icon-opened\"><i class=\"elementor-toggle-icon-opened fas fa-caret-up\"><\/i><\/span>\n\t\t\t\t\t\t\t\t\t\t\t\t\t<\/span>\n\t\t\t\t\t\t\t\t\t\t\t\t<a class=\"elementor-toggle-title\" tabindex=\"0\">Educaci\u00f3n:<\/a>\n\t\t\t\t\t<\/div>\n\n\t\t\t\t\t<div id=\"elementor-tab-content-2384\" class=\"elementor-tab-content elementor-clearfix\" data-tab=\"4\" role=\"region\" aria-labelledby=\"elementor-tab-title-2384\"><p>Damos una gama de productos y servicios educativos, incluidos libros de texto, \u00fatiles para el aula y tecnolog\u00eda educativa. Trabajamos en estrecha colaboraci\u00f3n con nuestros clientes para proporcionar soluciones personalizadas que satisfagan sus necesidades educativas espec\u00edficas.<br \/>Hospitalidad: Ofrecemos una amplia gama de productos de hospitalidad, incluyendo ropa de cama, toallas y art\u00edculos de tocador. Nuestros productos provienen de proveedores de confianza y son de la m\u00e1s alta calidad.<\/p><\/div>\n\t\t\t\t<\/div>\n\t\t\t\t\t\t\t<div class=\"elementor-toggle-item\">\n\t\t\t\t\t<div id=\"elementor-tab-title-2385\" class=\"elementor-tab-title\" data-tab=\"5\" role=\"button\" aria-controls=\"elementor-tab-content-2385\" aria-expanded=\"false\">\n\t\t\t\t\t\t\t\t\t\t\t\t<span class=\"elementor-toggle-icon elementor-toggle-icon-left\" aria-hidden=\"true\">\n\t\t\t\t\t\t\t\t\t\t\t\t\t\t\t<span class=\"elementor-toggle-icon-closed\"><i class=\"fas fa-caret-right\"><\/i><\/span>\n\t\t\t\t\t\t\t\t<span class=\"elementor-toggle-icon-opened\"><i class=\"elementor-toggle-icon-opened fas fa-caret-up\"><\/i><\/span>\n\t\t\t\t\t\t\t\t\t\t\t\t\t<\/span>\n\t\t\t\t\t\t\t\t\t\t\t\t<a class=\"elementor-toggle-title\" tabindex=\"0\">Deportes y fitness:<\/a>\n\t\t\t\t\t<\/div>\n\n\t\t\t\t\t<div id=\"elementor-tab-content-2385\" class=\"elementor-tab-content elementor-clearfix\" data-tab=\"5\" role=\"region\" aria-labelledby=\"elementor-tab-title-2385\"><p>Brindamos una amplia gama de productos deportivos y de fitness, incluyendo equipos, ropa y accesorios. Nuestros productos provienen de proveedores de confianza y son de la m\u00e1s alta calidad.<\/p><p>Entretenimiento: Ofrecemos una gama de productos y servicios de entretenimiento, incluidos equipos audiovisuales, planificaci\u00f3n de eventos y reserva de talentos. Trabajamos en estrecha colaboraci\u00f3n con nuestros clientes para proporcionar soluciones personalizadas que satisfagan sus necesidades espec\u00edficas de entretenimiento.<\/p><\/div>\n\t\t\t\t<\/div>\n\t\t\t\t\t\t\t\t<\/div>\n\t\t\t\t\t\t<\/div>\n\t\t\t\t<\/div>\n\t\t\t\t\t<\/div>\n\t\t<\/div>\n\t\t\t\t<div class=\"elementor-column elementor-col-50 elementor-inner-column elementor-element elementor-element-93e39b9\" data-id=\"93e39b9\" data-element_type=\"column\" data-e-type=\"column\" data-settings=\"{&quot;background_background&quot;:&quot;classic&quot;}\">\n\t\t\t<div class=\"elementor-widget-wrap elementor-element-populated\">\n\t\t\t\t\t<div class=\"elementor-background-overlay\"><\/div>\n\t\t\t\t\t\t<div class=\"elementor-element elementor-element-873081e elementor-widget elementor-widget-image\" data-id=\"873081e\" data-element_type=\"widget\" data-e-type=\"widget\" data-widget_type=\"image.default\">\n\t\t\t\t<div class=\"elementor-widget-container\">\n\t\t\t\t\t\t\t\t\t\t\t\t\t\t\t<img decoding=\"async\" width=\"768\" height=\"512\" src=\"https:\/\/getradecorp.com\/wp-content\/uploads\/2023\/05\/engineers-in-discussion-in-turbine-maintenance-factory-768x512.jpg\" class=\"attachment-medium_large size-medium_large wp-image-656\" alt=\"Engineers in discussion in turbine maintenance factory\" srcset=\"https:\/\/getradecorp.com\/wp-content\/uploads\/2023\/05\/engineers-in-discussion-in-turbine-maintenance-factory-768x512.jpg 768w, https:\/\/getradecorp.com\/wp-content\/uploads\/2023\/05\/engineers-in-discussion-in-turbine-maintenance-factory-300x200.jpg 300w, https:\/\/getradecorp.com\/wp-content\/uploads\/2023\/05\/engineers-in-discussion-in-turbine-maintenance-factory-1024x682.jpg 1024w, https:\/\/getradecorp.com\/wp-content\/uploads\/2023\/05\/engineers-in-discussion-in-turbine-maintenance-factory-1536x1024.jpg 1536w, https:\/\/getradecorp.com\/wp-content\/uploads\/2023\/05\/engineers-in-discussion-in-turbine-maintenance-factory-18x12.jpg 18w, https:\/\/getradecorp.com\/wp-content\/uploads\/2023\/05\/engineers-in-discussion-in-turbine-maintenance-factory-600x400.jpg 600w, https:\/\/getradecorp.com\/wp-content\/uploads\/2023\/05\/engineers-in-discussion-in-turbine-maintenance-factory.jpg 2000w\" sizes=\"(max-width: 768px) 100vw, 768px\" \/>\t\t\t\t\t\t\t\t\t\t\t\t\t\t\t<\/div>\n\t\t\t\t<\/div>\n\t\t\t\t<div class=\"elementor-element elementor-element-1c93d81 elementor-widget elementor-widget-icon-box\" data-id=\"1c93d81\" data-element_type=\"widget\" data-e-type=\"widget\" data-widget_type=\"icon-box.default\">\n\t\t\t\t<div class=\"elementor-widget-container\">\n\t\t\t\t\t\t\t<div class=\"elementor-icon-box-wrapper\">\n\n\t\t\t\n\t\t\t\t\t\t<div class=\"elementor-icon-box-content\">\n\n\t\t\t\t\t\t\t\t\t<h2 class=\"elementor-icon-box-title\">\n\t\t\t\t\t\t<span  >\n\t\t\t\t\t\t\tEn HK GE\t\t\t\t\t\t<\/span>\n\t\t\t\t\t<\/h2>\n\t\t\t\t\n\t\t\t\t\t\t\t\t\t<p class=\"elementor-icon-box-description\">\n\t\t\t\t\t\tEstamos comprometidos a brindar un servicio excepcional a nuestros clientes en estas industrias y m\u00e1s all\u00e1. Nuestro objetivo es construir relaciones a largo plazo con nuestros clientes basadas en la confianza, la fiabilidad y la calidad. Cont\u00e1ctenos hoy para obtener m\u00e1s informaci\u00f3n sobre c\u00f3mo podemos satisfacer sus necesidades espec\u00edficas de la industria.\n\t\t\t\t\t<\/p>\n\t\t\t\t\n\t\t\t<\/div>\n\t\t\t\n\t\t<\/div>\n\t\t\t\t\t\t<\/div>\n\t\t\t\t<\/div>\n\t\t\t\t\t<\/div>\n\t\t<\/div>\n\t\t\t\t\t<\/div>\n\t\t<\/section>\n\t\t\t\t\t<\/div>\n\t\t<\/div>\n\t\t\t\t\t<\/div>\n\t\t<\/section>\n\t\t\t\t<\/div>","protected":false},"excerpt":{"rendered":"<p>Industries HK GE Learn about the industries HK GE services HK GE is a global trading company that provides a wide range of products and services to various industries around the world. We are committed to understanding the unique needs of our clients and providing tailored solutions that meet their specific requirements. Our team of [&hellip;]<\/p>\n","protected":false},"author":3,"featured_media":0,"parent":0,"menu_order":0,"comment_status":"closed","ping_status":"closed","template":"","meta":{"footnotes":""},"class_list":["post-178","page","type-page","status-publish","hentry"],"_links":{"self":[{"href":"https:\/\/getradecorp.com\/es\/wp-json\/wp\/v2\/pages\/178","targetHints":{"allow":["GET"]}}],"collection":[{"href":"https:\/\/getradecorp.com\/es\/wp-json\/wp\/v2\/pages"}],"about":[{"href":"https:\/\/getradecorp.com\/es\/wp-json\/wp\/v2\/types\/page"}],"author":[{"embeddable":true,"href":"https:\/\/getradecorp.com\/es\/wp-json\/wp\/v2\/users\/3"}],"replies":[{"embeddable":true,"href":"https:\/\/getradecorp.com\/es\/wp-json\/wp\/v2\/comments?post=178"}],"version-history":[{"count":64,"href":"https:\/\/getradecorp.com\/es\/wp-json\/wp\/v2\/pages\/178\/revisions"}],"predecessor-version":[{"id":882,"href":"https:\/\/getradecorp.com\/es\/wp-json\/wp\/v2\/pages\/178\/revisions\/882"}],"wp:attachment":[{"href":"https:\/\/getradecorp.com\/es\/wp-json\/wp\/v2\/media?parent=178"}],"curies":[{"name":"wp","href":"https:\/\/api.w.org\/{rel}","templated":true}]}}