{"id":140,"date":"2023-05-26T19:04:37","date_gmt":"2023-05-26T19:04:37","guid":{"rendered":"https:\/\/getradecorp.com\/?page_id=140"},"modified":"2023-05-29T15:26:41","modified_gmt":"2023-05-29T15:26:41","slug":"normativa","status":"publish","type":"page","link":"https:\/\/getradecorp.com\/es\/normativa\/","title":{"rendered":"Normativas"},"content":{"rendered":"<div data-elementor-type=\"wp-page\" data-elementor-id=\"140\" class=\"elementor elementor-140\" data-elementor-post-type=\"page\">\n\t\t\t\t\t\t<section class=\"elementor-section elementor-top-section elementor-element elementor-element-2a7dc1a0 elementor-section-height-min-height elementor-section-content-middle elementor-section-boxed elementor-section-height-default elementor-section-items-middle\" data-id=\"2a7dc1a0\" data-element_type=\"section\" data-e-type=\"section\" data-settings=\"{&quot;background_background&quot;:&quot;classic&quot;}\">\n\t\t\t\t\t\t\t<div class=\"elementor-background-overlay\"><\/div>\n\t\t\t\t\t\t\t<div class=\"elementor-container elementor-column-gap-no\">\n\t\t\t\t\t<div class=\"elementor-column elementor-col-100 elementor-top-column elementor-element elementor-element-3521b984\" data-id=\"3521b984\" data-element_type=\"column\" data-e-type=\"column\" data-settings=\"{&quot;background_background&quot;:&quot;classic&quot;}\">\n\t\t\t<div class=\"elementor-widget-wrap elementor-element-populated\">\n\t\t\t\t\t\t<div class=\"elementor-element elementor-element-8f4f0ef elementor-widget elementor-widget-heading\" data-id=\"8f4f0ef\" data-element_type=\"widget\" data-e-type=\"widget\" data-widget_type=\"heading.default\">\n\t\t\t\t<div class=\"elementor-widget-container\">\n\t\t\t\t\t<h1 class=\"elementor-heading-title elementor-size-default\">Normativas<\/h1>\t\t\t\t<\/div>\n\t\t\t\t<\/div>\n\t\t\t\t\t<\/div>\n\t\t<\/div>\n\t\t\t\t\t<\/div>\n\t\t<\/section>\n\t\t\t\t<section class=\"elementor-section elementor-top-section elementor-element elementor-element-2b3c05c elementor-section-boxed elementor-section-height-default elementor-section-height-default\" data-id=\"2b3c05c\" data-element_type=\"section\" data-e-type=\"section\">\n\t\t\t\t\t\t<div class=\"elementor-container elementor-column-gap-no\">\n\t\t\t\t\t<div class=\"elementor-column elementor-col-100 elementor-top-column elementor-element elementor-element-3bf372c\" data-id=\"3bf372c\" data-element_type=\"column\" data-e-type=\"column\">\n\t\t\t<div class=\"elementor-widget-wrap elementor-element-populated\">\n\t\t\t\t\t\t<section class=\"elementor-section elementor-inner-section elementor-element elementor-element-1204d40 elementor-reverse-tablet elementor-reverse-mobile elementor-section-boxed elementor-section-height-default elementor-section-height-default\" data-id=\"1204d40\" data-element_type=\"section\" data-e-type=\"section\">\n\t\t\t\t\t\t<div class=\"elementor-container elementor-column-gap-no\">\n\t\t\t\t\t<div class=\"elementor-column elementor-col-100 elementor-inner-column elementor-element elementor-element-5d66154\" data-id=\"5d66154\" data-element_type=\"column\" data-e-type=\"column\">\n\t\t\t<div class=\"elementor-widget-wrap elementor-element-populated\">\n\t\t\t\t\t\t<div class=\"elementor-element elementor-element-fc16821 elementor-widget-divider--view-line_text elementor-widget__width-auto elementor-widget-divider--element-align-center elementor-widget elementor-widget-divider\" data-id=\"fc16821\" data-element_type=\"widget\" data-e-type=\"widget\" data-widget_type=\"divider.default\">\n\t\t\t\t<div class=\"elementor-widget-container\">\n\t\t\t\t\t\t\t<div class=\"elementor-divider\">\n\t\t\t<span class=\"elementor-divider-separator\">\n\t\t\t\t\t\t\t<span class=\"elementor-divider__text elementor-divider__element\">\n\t\t\t\t HK GE \t\t\t\t<\/span>\n\t\t\t\t\t\t<\/span>\n\t\t<\/div>\n\t\t\t\t\t\t<\/div>\n\t\t\t\t<\/div>\n\t\t\t\t<div class=\"elementor-element elementor-element-77fceda elementor-widget elementor-widget-elementskit-heading\" data-id=\"77fceda\" data-element_type=\"widget\" data-e-type=\"widget\" data-widget_type=\"elementskit-heading.default\">\n\t\t\t\t<div class=\"elementor-widget-container\">\n\t\t\t\t\t<div class=\"ekit-wid-con\" ><div class=\"ekit-heading elementskit-section-title-wraper text_left   ekit_heading_tablet-text_center   ekit_heading_mobile-\"><h2 class=\"ekit-heading--title elementskit-section-title\">Bienvenidos a <span><span>HK GE<\/span><\/span>  la pagina de Normativa<\/h2><\/div><\/div>\t\t\t\t<\/div>\n\t\t\t\t<\/div>\n\t\t\t\t<div class=\"elementor-element elementor-element-5db23ba elementor-widget elementor-widget-text-editor\" data-id=\"5db23ba\" data-element_type=\"widget\" data-e-type=\"widget\" data-widget_type=\"text-editor.default\">\n\t\t\t\t<div class=\"elementor-widget-container\">\n\t\t\t\t\t\t\t\t\t<p>Bienvenido a nuestra p\u00e1gina de Regulaciones de HK GE. Somos una empresa comercial global con sede en Hong Kong, y nos esforzamos por mantener los m\u00e1s altos est\u00e1ndares de profesionalismo, \u00e9tica y cumplimiento en todos los aspectos de nuestras operaciones comerciales. Entendemos que el cumplimiento de las leyes, regulaciones y est\u00e1ndares \u00e9ticos es esencial para nuestro \u00e9xito y reputaci\u00f3n, y estamos comprometidos a defender las siguientes regulaciones:<\/p><p>1.\tRegulaciones comerciales: Nuestra empresa se compromete a cumplir con todas las regulaciones comerciales internacionales relevantes, incluidas las establecidas por la Organizaci\u00f3n Mundial del Comercio (OMC) y el Departamento de Comercio e Industria de Hong Kong. Nos adherimos a todas las regulaciones de importaci\u00f3n y exportaci\u00f3n, incluidas las relacionadas con aranceles, aduanas y requisitos de documentaci\u00f3n.<\/p><p>2.\tAnticorrupci\u00f3n y Antisoborno: Nuestra empresa tiene una pol\u00edtica de tolerancia cero hacia la corrupci\u00f3n y el soborno. Nos adherimos estrictamente a las leyes anticorrupci\u00f3n y antisoborno, incluida la Ley de Pr\u00e1cticas Corruptas en el Extranjero de los Estados Unidos (FCPA) y la Ley de Soborno del Reino Unido.<\/p><p>3.\tPrivacidad de datos: Nuestra empresa se compromete a proteger la privacidad de los datos personales y sensibles de nuestros clientes y empleados. Cumplimos con todas las leyes de protecci\u00f3n de datos relevantes, incluido el Reglamento General de Protecci\u00f3n de Datos (GDPR) y la Ordenanza de Datos Personales (Privacidad) de Hong Kong.<\/p><p>4.\tRegulaciones ambientales: Nuestra empresa se compromete a minimizar nuestra huella ambiental y a cumplir con todas las regulaciones ambientales relevantes, incluidas las regulaciones del Departamento de Protecci\u00f3n Ambiental de Hong Kong y los Objetivos de Desarrollo Sostenible de las Naciones Unidas.<\/p><p>5.\tLeyes laborales: Nuestra empresa se compromete a mantener y cumplir con todas las leyes y regulaciones laborales relevantes, incluidas las normas de la Organizaci\u00f3n Internacional del Trabajo (OIT) y la Ordenanza de Empleo de Hong Kong.<\/p><p>Entendemos que las regulaciones y el cumplimiento son cruciales para el \u00e9xito de nuestro negocio, y continuaremos revisando y actualizando nuestras pol\u00edticas y procedimientos para garantizar que sigamos cumpliendo con todas las leyes y regulaciones relevantes. Si tiene alguna pregunta o inquietud sobre nuestras regulaciones, no dude en contactarnos.<\/p><p>Como empresa comercial global que opera en los Estados Unidos, HK GE tambi\u00e9n se adhiere a las siguientes regulaciones:<\/p><p>1.\tLeyes de Protecci\u00f3n al Consumidor: Nuestra compa\u00f1\u00eda cumple con todas las leyes relevantes de protecci\u00f3n al consumidor, incluida la Ley de la Comisi\u00f3n Federal de Comercio, que proh\u00edbe las pr\u00e1cticas desleales o enga\u00f1osas en el comercio, y la Ley de Seguridad de Productos de Consumo, que establece est\u00e1ndares de seguridad para productos de consumo.<\/p><p>2.\tAntilavado de dinero y financiamiento del terrorismo: Nuestra compa\u00f1\u00eda ha establecido pol\u00edticas y procedimientos para prevenir el lavado de dinero y el financiamiento del terrorismo de conformidad con la Ley de Secreto Bancario de los Estados Unidos y la Ley Patriota de los Estados Unidos.<\/p><p>3.\tSanciones y embargos: Nuestra empresa cumple con todas las sanciones y embargos de los Estados Unidos, incluidos los administrados por la Oficina de Control de Activos Extranjeros (OFAC) y la Oficina de Industria y Seguridad (BIS) del Departamento de Comercio.<\/p><p>4.\tDerechos de propiedad intelectual: Nuestra empresa respeta y defiende todos los derechos de propiedad intelectual, incluidas las patentes, marcas comerciales y derechos de autor, como se describe en la Oficina de Patentes y Marcas de los Estados Unidos y la Oficina de Derechos de Autor.<\/p><p>5.\tLeyes de Bolsa y Valores: Nuestra compa\u00f1\u00eda cumple con todas las leyes de valores y bolsa, incluida la Ley de Valores de 1933 y la Ley de Bolsa de Valores de 1934.<\/p><p>Reconocemos que el cumplimiento de las regulaciones es fundamental para nuestras operaciones comerciales, y estamos comprometidos a mantener estas regulaciones para mantener nuestra reputaci\u00f3n y garantizar la satisfacci\u00f3n de nuestros clientes. Revisamos regularmente nuestras pol\u00edticas y procedimientos para asegurarnos de que seguimos cumpliendo con todas las regulaciones aplicables. Si tiene alguna pregunta o inquietud sobre nuestras regulaciones en los Estados Unidos o alguna otra parte del mundo, no dude en contactarnos.<br \/>P\u00f3ngase en contacto con un consultor de HK GE hoy.<\/p>\t\t\t\t\t\t\t\t<\/div>\n\t\t\t\t<\/div>\n\t\t\t\t<div class=\"elementor-element elementor-element-35c94f2 elementor-align-center elementor-widget__width-auto elementor-invisible elementor-widget elementor-widget-button\" data-id=\"35c94f2\" data-element_type=\"widget\" data-e-type=\"widget\" data-settings=\"{&quot;_animation&quot;:&quot;fadeInRight&quot;}\" data-widget_type=\"button.default\">\n\t\t\t\t<div class=\"elementor-widget-container\">\n\t\t\t\t\t\t\t\t\t<div class=\"elementor-button-wrapper\">\n\t\t\t\t\t<a class=\"elementor-button elementor-button-link elementor-size-sm\" href=\"https:\/\/getradecorp.com\/es\/contacte-con-nosotros\/\">\n\t\t\t\t\t\t<span class=\"elementor-button-content-wrapper\">\n\t\t\t\t\t\t\t\t\t<span class=\"elementor-button-text\">Contacto<\/span>\n\t\t\t\t\t<\/span>\n\t\t\t\t\t<\/a>\n\t\t\t\t<\/div>\n\t\t\t\t\t\t\t\t<\/div>\n\t\t\t\t<\/div>\n\t\t\t\t\t<\/div>\n\t\t<\/div>\n\t\t\t\t\t<\/div>\n\t\t<\/section>\n\t\t\t\t\t<\/div>\n\t\t<\/div>\n\t\t\t\t\t<\/div>\n\t\t<\/section>\n\t\t\t\t<\/div>","protected":false},"excerpt":{"rendered":"<p>Regulations HK GE Welcome to our HK GE Regulations page Welcome to our HK GE Regulations page. We are a global trading company based in Hong Kong, and we strive to maintain the highest standards of professionalism, ethics, and compliance in all aspects of our business operations. We understand that compliance with laws, regulations, and [&hellip;]<\/p>\n","protected":false},"author":3,"featured_media":0,"parent":0,"menu_order":0,"comment_status":"closed","ping_status":"closed","template":"elementor_header_footer","meta":{"footnotes":""},"class_list":["post-140","page","type-page","status-publish","hentry"],"_links":{"self":[{"href":"https:\/\/getradecorp.com\/es\/wp-json\/wp\/v2\/pages\/140","targetHints":{"allow":["GET"]}}],"collection":[{"href":"https:\/\/getradecorp.com\/es\/wp-json\/wp\/v2\/pages"}],"about":[{"href":"https:\/\/getradecorp.com\/es\/wp-json\/wp\/v2\/types\/page"}],"author":[{"embeddable":true,"href":"https:\/\/getradecorp.com\/es\/wp-json\/wp\/v2\/users\/3"}],"replies":[{"embeddable":true,"href":"https:\/\/getradecorp.com\/es\/wp-json\/wp\/v2\/comments?post=140"}],"version-history":[{"count":22,"href":"https:\/\/getradecorp.com\/es\/wp-json\/wp\/v2\/pages\/140\/revisions"}],"predecessor-version":[{"id":810,"href":"https:\/\/getradecorp.com\/es\/wp-json\/wp\/v2\/pages\/140\/revisions\/810"}],"wp:attachment":[{"href":"https:\/\/getradecorp.com\/es\/wp-json\/wp\/v2\/media?parent=140"}],"curies":[{"name":"wp","href":"https:\/\/api.w.org\/{rel}","templated":true}]}}